{"id":1284,"date":"2026-04-14T12:09:56","date_gmt":"2026-04-14T12:09:56","guid":{"rendered":"https:\/\/asecs.se\/asecs-market\/?page_id=1284"},"modified":"2026-04-14T12:25:09","modified_gmt":"2026-04-14T12:25:09","slug":"market-information","status":"publish","type":"page","link":"https:\/\/asecs.se\/asecs-market\/?page_id=1284","title":{"rendered":"Market information"},"content":{"rendered":"\n<p>J\u00f6nk\u00f6pings mest maxade loppis, sl\u00e5r upp portarna igen. Precis som f\u00f6rra \u00e5ret f\u00f6rvandlar vi Kaserng\u00e5rden till en f\u00e4rgsprakande familjefest fylld av roliga aktiviteter, dunderdeals, pop-up butiker, bondens marknad, hantverk och underh\u00e5llning. Fr\u00e5n juni till september m\u00f6ts du f\u00f6rsta s\u00f6ndagen i m\u00e5naden av h\u00e4rliga fynd, roliga upplevelser och kul aktiviteter f\u00f6r hela familjen.<\/p>\n\n\n\n<div style=\"height:100px\" aria-hidden=\"true\" class=\"wp-block-spacer\"><\/div>\n\n\n\n<h2 class=\"wp-block-heading\">14 juni<\/h2>\n\n\n\n<div style=\"height:44px\" aria-hidden=\"true\" class=\"wp-block-spacer\"><\/div>\n\n\n\n<h2 class=\"wp-block-heading\">12 juli<\/h2>\n\n\n\n<div style=\"height:44px\" aria-hidden=\"true\" class=\"wp-block-spacer\"><\/div>\n\n\n\n<h2 class=\"wp-block-heading\">9 augusti<\/h2>\n\n\n\n<div style=\"height:44px\" aria-hidden=\"true\" class=\"wp-block-spacer\"><\/div>\n\n\n\n<h2 class=\"wp-block-heading\">13 september<\/h2>\n\n\n\n<div style=\"height:44px\" aria-hidden=\"true\" class=\"wp-block-spacer\"><\/div>\n\n\n\n<p><\/p>\n","protected":false},"excerpt":{"rendered":"<p>J\u00f6nk\u00f6pings mest maxade loppis, sl\u00e5r upp portarna igen. Precis som f\u00f6rra \u00e5ret f\u00f6rvandlar vi Kaserng\u00e5rden till en f\u00e4rgsprakande familjefest fylld av roliga aktiviteter, dunderdeals, pop-up butiker, bondens marknad, hantverk och underh\u00e5llning. Fr\u00e5n juni till september m\u00f6ts du f\u00f6rsta s\u00f6ndagen i m\u00e5naden av h\u00e4rliga fynd, roliga upplevelser och kul aktiviteter f\u00f6r hela familjen. 14 juni 12 [&hellip;]<\/p>\n","protected":false},"author":2,"featured_media":0,"parent":0,"menu_order":0,"comment_status":"closed","ping_status":"closed","template":"","meta":{"footnotes":""},"class_list":["post-1284","page","type-page","status-publish","hentry"],"_links":{"self":[{"href":"https:\/\/asecs.se\/asecs-market\/index.php?rest_route=\/wp\/v2\/pages\/1284","targetHints":{"allow":["GET"]}}],"collection":[{"href":"https:\/\/asecs.se\/asecs-market\/index.php?rest_route=\/wp\/v2\/pages"}],"about":[{"href":"https:\/\/asecs.se\/asecs-market\/index.php?rest_route=\/wp\/v2\/types\/page"}],"author":[{"embeddable":true,"href":"https:\/\/asecs.se\/asecs-market\/index.php?rest_route=\/wp\/v2\/users\/2"}],"replies":[{"embeddable":true,"href":"https:\/\/asecs.se\/asecs-market\/index.php?rest_route=%2Fwp%2Fv2%2Fcomments&post=1284"}],"version-history":[{"count":5,"href":"https:\/\/asecs.se\/asecs-market\/index.php?rest_route=\/wp\/v2\/pages\/1284\/revisions"}],"predecessor-version":[{"id":1293,"href":"https:\/\/asecs.se\/asecs-market\/index.php?rest_route=\/wp\/v2\/pages\/1284\/revisions\/1293"}],"wp:attachment":[{"href":"https:\/\/asecs.se\/asecs-market\/index.php?rest_route=%2Fwp%2Fv2%2Fmedia&parent=1284"}],"curies":[{"name":"wp","href":"https:\/\/api.w.org\/{rel}","templated":true}]}}